{"id":63,"date":"2019-12-26T13:17:18","date_gmt":"2019-12-26T13:17:18","guid":{"rendered":"https:\/\/bridge307.qodeinteractive.com\/?page_id=63"},"modified":"2026-04-04T19:32:18","modified_gmt":"2026-04-04T19:32:18","slug":"about","status":"publish","type":"page","link":"https:\/\/majie.ca\/es\/about\/","title":{"rendered":"About Majie"},"content":{"rendered":"<div data-elementor-type=\"wp-page\" data-elementor-id=\"63\" class=\"elementor elementor-63\">\n\t\t\t\t<div class=\"elementor-element elementor-element-03d584f e-flex e-con-boxed parallax_section_no qode_elementor_container_no e-con e-parent\" data-id=\"03d584f\" data-element_type=\"container\" data-e-type=\"container\">\n\t\t\t\t\t<div class=\"e-con-inner\">\n\t\t\t\t<div class=\"elementor-element elementor-element-a2f9919 elementor-widget elementor-widget-spacer\" data-id=\"a2f9919\" data-element_type=\"widget\" data-e-type=\"widget\" data-widget_type=\"spacer.default\">\n\t\t\t\t<div class=\"elementor-widget-container\">\n\t\t\t\t\t\t\t<div class=\"elementor-spacer\">\n\t\t\t<div class=\"elementor-spacer-inner\"><\/div>\n\t\t<\/div>\n\t\t\t\t\t\t<\/div>\n\t\t\t\t<\/div>\n\t\t\t\t<div class=\"elementor-element elementor-element-fc4ffd8 elementor-widget elementor-widget-heading\" data-id=\"fc4ffd8\" data-element_type=\"widget\" data-e-type=\"widget\" data-widget_type=\"heading.default\">\n\t\t\t\t<div class=\"elementor-widget-container\">\n\t\t\t\t\t<h1 class=\"elementor-heading-title elementor-size-default\">Sobre el Artista<\/h1>\t\t\t\t<\/div>\n\t\t\t\t<\/div>\n\t\t\t\t\t<\/div>\n\t\t\t\t<\/div>\n\t\t<div class=\"elementor-element elementor-element-8d4c98c e-flex e-con-boxed parallax_section_no qode_elementor_container_no e-con e-parent\" data-id=\"8d4c98c\" data-element_type=\"container\" data-e-type=\"container\">\n\t\t\t\t\t<div class=\"e-con-inner\">\n\t\t\t\t<div class=\"elementor-element elementor-element-e91d0b1 elementor-widget elementor-widget-image\" data-id=\"e91d0b1\" data-element_type=\"widget\" data-e-type=\"widget\" data-widget_type=\"image.default\">\n\t\t\t\t<div class=\"elementor-widget-container\">\n\t\t\t\t\t\t\t\t\t\t\t\t\t\t\t<img fetchpriority=\"high\" decoding=\"async\" width=\"500\" height=\"375\" src=\"https:\/\/majie.ca\/wp-content\/uploads\/2024\/07\/majie-small.webp\" class=\"attachment-medium_large size-medium_large wp-image-810\" alt=\"\" srcset=\"https:\/\/majie.ca\/wp-content\/uploads\/2024\/07\/majie-small.webp 500w, https:\/\/majie.ca\/wp-content\/uploads\/2024\/07\/majie-small-300x225.webp 300w, https:\/\/majie.ca\/wp-content\/uploads\/2024\/07\/majie-small-16x12.webp 16w\" sizes=\"(max-width: 500px) 100vw, 500px\" \/>\t\t\t\t\t\t\t\t\t\t\t\t\t\t\t<\/div>\n\t\t\t\t<\/div>\n\t\t\t\t<div class=\"elementor-element elementor-element-d396c6b elementor-widget elementor-widget-text-editor\" data-id=\"d396c6b\" data-element_type=\"widget\" data-e-type=\"widget\" data-widget_type=\"text-editor.default\">\n\t\t\t\t<div class=\"elementor-widget-container\">\n\t\t\t\t\t\t\t\t\t<p><span style=\"font-family: Calibri, serif;\"><span style=\"font-size: large;\">Majie Lavergne es un galardonado pintor abstracto Franc\u00e9s, nacido en Par\u00eds, Francia. Ha vivido en Estados Unidos, Canad\u00e1 y actualmente reside en Costa Rica.<\/span><\/span><\/p><p><span style=\"font-family: Calibri, serif;\"><span style=\"font-size: large;\">\u00a0<\/span><\/span><\/p><p><span style=\"font-family: Calibri, serif;\"><span style=\"font-size: large;\">Su padre, Robert Lavergne, fue un reconocido pintor impresionista franc\u00e9s, mientras que su padrino, Louis Nallard, fue un pionero del movimiento l\u00edrico abstracto en Francia.<\/span><\/span><\/p><p><span style=\"font-family: Calibri, serif;\"><span style=\"font-size: large;\">\u00a0<\/span><\/span><\/p><p><span style=\"font-family: Calibri, serif;\"><span style=\"font-size: large;\">Majie ha recibido cinco premios de la Federaci\u00f3n de Artistas Canadienses. Su obra ha aparecido en m\u00e1s de 28 exposiciones individuales y colectivas en Par\u00eds, Estados Unidos y Canad\u00e1, as\u00ed como en ferias internacionales de arte. En 2015, su exposici\u00f3n individual en Vancouver fue presentada tanto por CBC TV como por Radio Canad\u00e1, y en 2016, CBC Radio Canada TV hizo un reportaje destacando su arte interactivo, \"Re-Crear\u201d. Se han publicado art\u00edculos sobre su trabajo en PBQ News, Nanaimo Bulletin News y La Source.<\/span><\/span><\/p><p><span style=\"font-family: Calibri, serif;\"><span style=\"font-size: large;\">\u00a0<\/span><\/span><\/p><p><span style=\"font-family: Calibri, serif;\"><span style=\"font-size: large;\">His art is included in many private collections in the US, France, Canada, and Costa Rica.<\/span><\/span><\/p>\t\t\t\t\t\t\t\t<\/div>\n\t\t\t\t<\/div>\n\t\t\t\t\t<\/div>\n\t\t\t\t<\/div>\n\t\t<div class=\"elementor-element elementor-element-0e6c06e e-flex e-con-boxed parallax_section_no qode_elementor_container_no e-con e-parent\" data-id=\"0e6c06e\" data-element_type=\"container\" data-e-type=\"container\">\n\t\t\t\t\t<div class=\"e-con-inner\">\n\t\t\t\t<div class=\"elementor-element elementor-element-05d3ede elementor-widget elementor-widget-text-editor\" data-id=\"05d3ede\" data-element_type=\"widget\" data-e-type=\"widget\" data-widget_type=\"text-editor.default\">\n\t\t\t\t<div class=\"elementor-widget-container\">\n\t\t\t\t\t\t\t\t\t<p>\u00a0<\/p><h3 style=\"text-align: center;\"><strong>CV<\/strong><\/h3><p class=\"\"><strong>EDUCACI\u00d3N<\/strong><\/p><ul><li>2004 \u2013 Maestr\u00eda en Consejer\u00eda Transpersonal (especializaci\u00f3n en Arte Terapia), Universidad de Naropa, Boulder, Colorado. EE.UU<\/li><li>2000 \u2013 Licenciatura en Artes, Goddard College, Plainfield, Vermont. EE.UU<\/li><\/ul><p class=\"\"><strong>PREMIOS<\/strong><\/p><ul><li>2026 &#8211; ArtResin Artist Winner (March, 2026)<\/li><li>2025 &#8211; 1st Place &#8211; NARA Alcohol Inc. Art Competition on Instagram.<\/li><li>2019 \u2013 1er lugar \u2013 Exposici\u00f3n con jurado de la Federaci\u00f3n de Artistas Canadienses (FCA) Vancouver, Concept Show, Canad\u00e1.<\/li><li>2018 \u2013 1er lugar \u2013 Exposici\u00f3n con jurado de la Federaci\u00f3n de Artistas Canadienses (FCA) Vancouver, Concept Show, Canad\u00e1.<\/li><li>2016 \u2013 2do Lugar \u2013 Exposici\u00f3n con Jurado de la Federaci\u00f3n de Artistas Canadienses (FCA) Vancouver, Concept Show, Canad\u00e1.<\/li><li>2016 \u2013 Menci\u00f3n de Honor \u2013 Federaci\u00f3n de Artistas Canadienses (FCA) Qualicum Beach, BC, Canad\u00e1.<\/li><li>2015 \u2013 3rd Place &#8211; Federation of Canadian Artists (FCA) Juried Show Qualicum Beach, BC, Canada.<\/li><\/ul><p class=\"\"><strong>EXPOSICIONES INDIVIDUALES<\/strong><\/p><ul><li>2021 - Centro Cultural Franc\u00e9s - Vancouver, BC, Canad\u00e1<\/li><li>2016 \u2013 Centro de Artes McMillian, Parksville, BC, Canad\u00e1<\/li><li>2016 \u2013 Adagio, Parksville, BC, Canada<\/li><li>Centro Cultural Franc\u00e9s de Vancouver, Vancouver, BC, Canad\u00e1<\/li><li>2011 \u2013 The Well, Victoria, BC, Canada<\/li><li>2009 \u2013 A Woodside Design Gallery, Kelowna, BC, Canada<\/li><\/ul><p class=\"\"><strong>EXPOSICIONES COLECTIVAS Y FERIAS DE ARTE INTERNACIONALES<\/strong><\/p><ul><li>2022 &#8211; Mac Millan Arts Center &#8211; Parksville, BC, Canada<\/li><li>2022 - Galer\u00eda de arte The Old School House - Isla Cort\u00e9s, BC Canad\u00e1<\/li><li>2021 - Paseo del arte de Nanaimo - Nanaimo, BC, Canad\u00e1<\/li><li>2020 - Galer\u00eda Ladysmith Waterfront - Ladysmith, BC Canad\u00e1<\/li><li>2020 - Centro de artes The Old School House \u2013 Parksville, BC, Canad\u00e1<\/li><li>2019 - Tour Temporal de Arte P\u00fablico - Financiado por la ciudad de Nanaimo -Nanaimo - BC, Canad\u00e1<\/li><li>2019 \u2013 Ladysmith Waterfront Gallery \u2013 Ladysmith, BC, Canad\u00e1<\/li><li>2018 \u2013 Art Basel Miami \u2013 Feria Internacional de Arte \u2013 (Red Media Group) \u2013 EE.UU.<\/li><li>2018 \u2013 New York Art Expo \u2013 Feria Internacional de Arte \u2013 (Red Media Group) \u2013 EE.UU.<\/li><li>2018 \u2013 Galer\u00eda Art Blend \u2013 Fort Lauderdale, Florida (EE.UU.)<\/li><li>2016 \u2013 Exposici\u00f3n de Bellas Artes de Sooke (exposici\u00f3n con jurado), Sooke, BC, Canad\u00e1<\/li><li>2016 \u2013 \u00a1Arte Vancouver! Feria Internacional de Arte \u2013 Vancouver, Canad\u00e1<\/li><li>2016 \u2013 Muestra de Arte de Laboratorio<\/li><li>2016 \u2013 Vancouver, Canada<\/li><li>2009\/2014 \u2013 Gallery Chrysalis \u2013 Nueva York, South Hamptons, EE.UU.<\/li><li>2012 \u2013 Ladysmith Waterfront Gallery, BC, Canada<\/li><li>2007\/2001 \u2013 Galer\u00eda de Arte de Nanaimo, Nanaimo, BC, Canad\u00e1<\/li><li>2010 \u2013 Sal\u00f3n des Realites Nouvelles Exposici\u00f3n con jurado, Par\u00eds, Francia<\/li><li>2010 \u2013 Consejo Comunitario de las Artes de Greater Victoria, Victoria, BC, Canad\u00e1<\/li><li>2008 \u2013 Atelier Art Bressan Gallery, Montreal, QC, Canad\u00e1<\/li><li>2006 \u2013 Galer\u00eda 223, Nanaimo, BC, Canad\u00e1<\/li><li>2004 \u2013 Centro L\u00e1cteo para las Artes, Boulder, Colorado, EE.UU.<\/li><li>2003 \u2013 Universidad de Naropa, Boulder, Colorado, EE.UU.<\/li><\/ul><p class=\"\"><strong>PUBLICACIONES Y MEDIOS SELECCIONADOS<\/strong><\/p><ul><li>2022 - Art\u00edculo\/PQNews: Artistas comparten la exhibici\u00f3n 'Visions' en McMillan Arts Center en Parksville https:\/\/www.pqbnews.com\/entertainment\/artists-share-visions-exhibit-at-mcmillan-arts-centre-in-parksville -12084902018 \u2013 Art\u00edculo\/Art Basel Miami \u2013 Voyage Mia<\/li><li>2018 \u2013 New York Art Expo: \u201cConozca a los artistas exitosos de hoy\u201d (una mesa redonda con otros tres artistas en Spectrum New York Art Expo)<\/li><li>2018 \u2013 Art\u00edculo\/Exposici\u00f3n de Arte de Nueva York \u2013 Entertainment Vine<\/li><li>2016 \u2013 Art\u00edculo\/Artsy Shark \u2013 Una dimensi\u00f3n adicional: arte interactivo<\/li><li>2016 \u2013 Shaw Cable TV \u2013 Exposici\u00f3n del Centro de Artes McMillian<\/li><li>2016 \u2013 Art\u00edculo de PBQ News \u2013 Exposici\u00f3n individual en el McMillian Arts Center<\/li><li>2016 \u2013 Article Nanaimo Bulletin News<\/li><li>2015 \u2013 TV Reportage\/Artist profile \u2013 CBC\/TV Radio Canada \u2013 Francophone Cultural Center Exhibit<\/li><li>2015 \u2013 Article La Source \u2013 Francophone Cultural Center Exhibit<\/li><\/ul>\t\t\t\t\t\t\t\t<\/div>\n\t\t\t\t<\/div>\n\t\t\t\t<div class=\"elementor-element elementor-element-ac4b2da elementor-widget elementor-widget-spacer\" data-id=\"ac4b2da\" data-element_type=\"widget\" data-e-type=\"widget\" data-widget_type=\"spacer.default\">\n\t\t\t\t<div class=\"elementor-widget-container\">\n\t\t\t\t\t\t\t<div class=\"elementor-spacer\">\n\t\t\t<div class=\"elementor-spacer-inner\"><\/div>\n\t\t<\/div>\n\t\t\t\t\t\t<\/div>\n\t\t\t\t<\/div>\n\t\t\t\t\t<\/div>\n\t\t\t\t<\/div>\n\t\t\t\t<\/div>","protected":false},"excerpt":{"rendered":"<p>about the artist Majie Lavergne is an award-winning French Abstract painter, born in Paris, France. He has lived in the United States, Canada and currently resides in Costa Rica. \u00a0 His father, Robert Lavergne, was a well-known French Impressionist painter, while his godfather, Louis Nallard&#8230;<\/p>","protected":false},"author":1,"featured_media":0,"parent":0,"menu_order":0,"comment_status":"closed","ping_status":"closed","template":"full_width.php","meta":{"footnotes":""},"class_list":["post-63","page","type-page","status-publish","hentry"],"yoast_head":"<!-- This site is optimized with the Yoast SEO plugin v27.3 - https:\/\/yoast.com\/product\/yoast-seo-wordpress\/ -->\n<title>About Majie - Majie<\/title>\n<meta name=\"description\" content=\"Majie Lavergne is an award-winning French Abstract painter, born in Paris, France. He has lived in the United States, Canada and currently resides in Costa Rica.\" \/>\n<meta name=\"robots\" content=\"index, follow, max-snippet:-1, max-image-preview:large, max-video-preview:-1\" \/>\n<link rel=\"canonical\" href=\"https:\/\/majie.ca\/es\/about\/\" \/>\n<meta property=\"og:locale\" content=\"es_ES\" \/>\n<meta property=\"og:type\" content=\"article\" \/>\n<meta property=\"og:title\" content=\"About Majie - Majie\" \/>\n<meta property=\"og:description\" content=\"Majie Lavergne is an award-winning French Abstract painter, born in Paris, France. He has lived in the United States, Canada and currently resides in Costa Rica.\" \/>\n<meta property=\"og:url\" content=\"https:\/\/majie.ca\/es\/about\/\" \/>\n<meta property=\"og:site_name\" content=\"Majie\" \/>\n<meta property=\"article:publisher\" content=\"https:\/\/www.facebook.com\/artbymajie\" \/>\n<meta property=\"article:modified_time\" content=\"2026-04-04T19:32:18+00:00\" \/>\n<meta property=\"og:image\" content=\"https:\/\/majie.ca\/wp-content\/uploads\/2024\/07\/majie-small.webp\" \/>\n\t<meta property=\"og:image:width\" content=\"500\" \/>\n\t<meta property=\"og:image:height\" content=\"375\" \/>\n\t<meta property=\"og:image:type\" content=\"image\/webp\" \/>\n<meta name=\"twitter:card\" content=\"summary_large_image\" \/>\n<meta name=\"twitter:label1\" content=\"Est. reading time\" \/>\n\t<meta name=\"twitter:data1\" content=\"3 minutos\" \/>\n<script type=\"application\/ld+json\" class=\"yoast-schema-graph\">{\"@context\":\"https:\\\/\\\/schema.org\",\"@graph\":[{\"@type\":\"WebPage\",\"@id\":\"https:\\\/\\\/majie.ca\\\/about\\\/\",\"url\":\"https:\\\/\\\/majie.ca\\\/about\\\/\",\"name\":\"About Majie - Majie\",\"isPartOf\":{\"@id\":\"https:\\\/\\\/majie.ca\\\/#website\"},\"primaryImageOfPage\":{\"@id\":\"https:\\\/\\\/majie.ca\\\/about\\\/#primaryimage\"},\"image\":{\"@id\":\"https:\\\/\\\/majie.ca\\\/about\\\/#primaryimage\"},\"thumbnailUrl\":\"https:\\\/\\\/majie.ca\\\/wp-content\\\/uploads\\\/2024\\\/07\\\/majie-small.webp\",\"datePublished\":\"2019-12-26T13:17:18+00:00\",\"dateModified\":\"2026-04-04T19:32:18+00:00\",\"description\":\"Majie Lavergne is an award-winning French Abstract painter, born in Paris, France. He has lived in the United States, Canada and currently resides in Costa Rica.\",\"breadcrumb\":{\"@id\":\"https:\\\/\\\/majie.ca\\\/about\\\/#breadcrumb\"},\"inLanguage\":\"es-CR\",\"potentialAction\":[{\"@type\":\"ReadAction\",\"target\":[\"https:\\\/\\\/majie.ca\\\/about\\\/\"]}]},{\"@type\":\"ImageObject\",\"inLanguage\":\"es-CR\",\"@id\":\"https:\\\/\\\/majie.ca\\\/about\\\/#primaryimage\",\"url\":\"https:\\\/\\\/majie.ca\\\/wp-content\\\/uploads\\\/2024\\\/07\\\/majie-small.webp\",\"contentUrl\":\"https:\\\/\\\/majie.ca\\\/wp-content\\\/uploads\\\/2024\\\/07\\\/majie-small.webp\"},{\"@type\":\"BreadcrumbList\",\"@id\":\"https:\\\/\\\/majie.ca\\\/about\\\/#breadcrumb\",\"itemListElement\":[{\"@type\":\"ListItem\",\"position\":1,\"name\":\"Home\",\"item\":\"https:\\\/\\\/majie.ca\\\/\"},{\"@type\":\"ListItem\",\"position\":2,\"name\":\"About Majie\"}]},{\"@type\":\"WebSite\",\"@id\":\"https:\\\/\\\/majie.ca\\\/#website\",\"url\":\"https:\\\/\\\/majie.ca\\\/\",\"name\":\"Majie\",\"description\":\"Abstract and Interactive Art\",\"publisher\":{\"@id\":\"https:\\\/\\\/majie.ca\\\/#organization\"},\"potentialAction\":[{\"@type\":\"SearchAction\",\"target\":{\"@type\":\"EntryPoint\",\"urlTemplate\":\"https:\\\/\\\/majie.ca\\\/?s={search_term_string}\"},\"query-input\":{\"@type\":\"PropertyValueSpecification\",\"valueRequired\":true,\"valueName\":\"search_term_string\"}}],\"inLanguage\":\"es-CR\"},{\"@type\":\"Organization\",\"@id\":\"https:\\\/\\\/majie.ca\\\/#organization\",\"name\":\"Majie\",\"url\":\"https:\\\/\\\/majie.ca\\\/\",\"logo\":{\"@type\":\"ImageObject\",\"inLanguage\":\"es-CR\",\"@id\":\"https:\\\/\\\/majie.ca\\\/#\\\/schema\\\/logo\\\/image\\\/\",\"url\":\"https:\\\/\\\/majie.ca\\\/wp-content\\\/uploads\\\/2024\\\/07\\\/cropped-android-chrome-512x512-1.png\",\"contentUrl\":\"https:\\\/\\\/majie.ca\\\/wp-content\\\/uploads\\\/2024\\\/07\\\/cropped-android-chrome-512x512-1.png\",\"width\":512,\"height\":512,\"caption\":\"Majie\"},\"image\":{\"@id\":\"https:\\\/\\\/majie.ca\\\/#\\\/schema\\\/logo\\\/image\\\/\"},\"sameAs\":[\"https:\\\/\\\/www.facebook.com\\\/artbymajie\",\"https:\\\/\\\/www.instagram.com\\\/majielavergne\\\/\"]}]}<\/script>\n<!-- \/ Yoast SEO plugin. -->","yoast_head_json":{"title":"About Majie - Majie","description":"Majie Lavergne es un galardonado pintor abstracto Franc\u00e9s, nacido en Par\u00eds, Francia. Ha vivido en Estados Unidos, Canad\u00e1 y actualmente reside en Costa Rica.","robots":{"index":"index","follow":"follow","max-snippet":"max-snippet:-1","max-image-preview":"max-image-preview:large","max-video-preview":"max-video-preview:-1"},"canonical":"https:\/\/majie.ca\/es\/about\/","og_locale":"es_ES","og_type":"article","og_title":"About Majie - Majie","og_description":"Majie Lavergne is an award-winning French Abstract painter, born in Paris, France. He has lived in the United States, Canada and currently resides in Costa Rica.","og_url":"https:\/\/majie.ca\/es\/about\/","og_site_name":"Majie","article_publisher":"https:\/\/www.facebook.com\/artbymajie","article_modified_time":"2026-04-04T19:32:18+00:00","og_image":[{"width":500,"height":375,"url":"https:\/\/majie.ca\/wp-content\/uploads\/2024\/07\/majie-small.webp","type":"image\/webp"}],"twitter_card":"summary_large_image","twitter_misc":{"Est. reading time":"3 minutos"},"schema":{"@context":"https:\/\/schema.org","@graph":[{"@type":"WebPage","@id":"https:\/\/majie.ca\/about\/","url":"https:\/\/majie.ca\/about\/","name":"About Majie - Majie","isPartOf":{"@id":"https:\/\/majie.ca\/#website"},"primaryImageOfPage":{"@id":"https:\/\/majie.ca\/about\/#primaryimage"},"image":{"@id":"https:\/\/majie.ca\/about\/#primaryimage"},"thumbnailUrl":"https:\/\/majie.ca\/wp-content\/uploads\/2024\/07\/majie-small.webp","datePublished":"2019-12-26T13:17:18+00:00","dateModified":"2026-04-04T19:32:18+00:00","description":"Majie Lavergne es un galardonado pintor abstracto Franc\u00e9s, nacido en Par\u00eds, Francia. Ha vivido en Estados Unidos, Canad\u00e1 y actualmente reside en Costa Rica.","breadcrumb":{"@id":"https:\/\/majie.ca\/about\/#breadcrumb"},"inLanguage":"es-CR","potentialAction":[{"@type":"ReadAction","target":["https:\/\/majie.ca\/about\/"]}]},{"@type":"ImageObject","inLanguage":"es-CR","@id":"https:\/\/majie.ca\/about\/#primaryimage","url":"https:\/\/majie.ca\/wp-content\/uploads\/2024\/07\/majie-small.webp","contentUrl":"https:\/\/majie.ca\/wp-content\/uploads\/2024\/07\/majie-small.webp"},{"@type":"BreadcrumbList","@id":"https:\/\/majie.ca\/about\/#breadcrumb","itemListElement":[{"@type":"ListItem","position":1,"name":"Home","item":"https:\/\/majie.ca\/"},{"@type":"ListItem","position":2,"name":"About Majie"}]},{"@type":"WebSite","@id":"https:\/\/majie.ca\/#website","url":"https:\/\/majie.ca\/","name":"Majie","description":"Abstract and Interactive Art","publisher":{"@id":"https:\/\/majie.ca\/#organization"},"potentialAction":[{"@type":"SearchAction","target":{"@type":"EntryPoint","urlTemplate":"https:\/\/majie.ca\/?s={search_term_string}"},"query-input":{"@type":"PropertyValueSpecification","valueRequired":true,"valueName":"search_term_string"}}],"inLanguage":"es-CR"},{"@type":"Organization","@id":"https:\/\/majie.ca\/#organization","name":"Majie","url":"https:\/\/majie.ca\/","logo":{"@type":"ImageObject","inLanguage":"es-CR","@id":"https:\/\/majie.ca\/#\/schema\/logo\/image\/","url":"https:\/\/majie.ca\/wp-content\/uploads\/2024\/07\/cropped-android-chrome-512x512-1.png","contentUrl":"https:\/\/majie.ca\/wp-content\/uploads\/2024\/07\/cropped-android-chrome-512x512-1.png","width":512,"height":512,"caption":"Majie"},"image":{"@id":"https:\/\/majie.ca\/#\/schema\/logo\/image\/"},"sameAs":["https:\/\/www.facebook.com\/artbymajie","https:\/\/www.instagram.com\/majielavergne\/"]}]}},"_links":{"self":[{"href":"https:\/\/majie.ca\/es\/wp-json\/wp\/v2\/pages\/63","targetHints":{"allow":["GET"]}}],"collection":[{"href":"https:\/\/majie.ca\/es\/wp-json\/wp\/v2\/pages"}],"about":[{"href":"https:\/\/majie.ca\/es\/wp-json\/wp\/v2\/types\/page"}],"author":[{"embeddable":true,"href":"https:\/\/majie.ca\/es\/wp-json\/wp\/v2\/users\/1"}],"replies":[{"embeddable":true,"href":"https:\/\/majie.ca\/es\/wp-json\/wp\/v2\/comments?post=63"}],"version-history":[{"count":55,"href":"https:\/\/majie.ca\/es\/wp-json\/wp\/v2\/pages\/63\/revisions"}],"predecessor-version":[{"id":2026,"href":"https:\/\/majie.ca\/es\/wp-json\/wp\/v2\/pages\/63\/revisions\/2026"}],"wp:attachment":[{"href":"https:\/\/majie.ca\/es\/wp-json\/wp\/v2\/media?parent=63"}],"curies":[{"name":"wp","href":"https:\/\/api.w.org\/{rel}","templated":true}]}}