{"id":3,"date":"2024-06-27T15:28:12","date_gmt":"2024-06-27T15:28:12","guid":{"rendered":"https:\/\/denice.majie.ca\/?page_id=3"},"modified":"2024-08-19T23:17:22","modified_gmt":"2024-08-19T23:17:22","slug":"privacy-policy","status":"publish","type":"page","link":"https:\/\/majie.ca\/es\/privacy-policy\/","title":{"rendered":"Pol\u00edtica de Privacidad"},"content":{"rendered":"<h1 class=\"wp-block-heading\">Pol\u00edtica de Privacidad<\/h1>\n\n\n\n<div style=\"height:38px\" aria-hidden=\"true\" class=\"wp-block-spacer\"><\/div>\n\n\n\n<h2 class=\"wp-block-heading\">Quienes somos<\/h2>\n\n\n\n<p>La direcci\u00f3n de nuestro sitio web es: https:\/\/majie.ca.<\/p>\n\n\n\n<h2 class=\"wp-block-heading\">Cookies<\/h2>\n\n\n\n<p>Si visita nuestra p\u00e1gina de inicio de sesi\u00f3n, configuraremos una cookie temporal para determinar si su navegador acepta cookies. Esta cookie no contiene datos personales y se descarta al cerrar el navegador.<\/p>\n\n\n\n<p>Cuando inicie sesi\u00f3n, tambi\u00e9n configuraremos varias cookies para guardar su informaci\u00f3n de inicio de sesi\u00f3n y sus opciones de visualizaci\u00f3n de pantalla. Las cookies de inicio de sesi\u00f3n duran dos d\u00edas y las cookies de opciones de pantalla duran un a\u00f1o. Si selecciona \"Recordarme\", su inicio de sesi\u00f3n persistir\u00e1 durante dos semanas. Si cierra sesi\u00f3n en su cuenta, se eliminar\u00e1n las cookies de inicio de sesi\u00f3n.<\/p>\n\n\n\n<h2 class=\"wp-block-heading\">Contenido incrustado de otros sitios web<\/h2>\n\n\n\n<p>Los art\u00edculos de este sitio pueden incluir contenido incrustado (por ejemplo, v\u00eddeos, im\u00e1genes, art\u00edculos, etc.). El contenido incrustado de otros sitios web se comporta exactamente de la misma manera que si el visitante hubiera visitado el otro sitio web.<\/p>\n\n\n\n<p>Estos sitios web pueden recopilar datos sobre usted, utilizar cookies, incorporar seguimiento adicional de terceros y monitorear su interacci\u00f3n con ese contenido incrustado, incluido el seguimiento de su interacci\u00f3n con el contenido incrustado si tiene una cuenta y ha iniciado sesi\u00f3n en ese sitio web.<\/p>\n\n\n\n<h2 class=\"wp-block-heading\">Con qui\u00e9n compartimos tus datos<\/h2>\n\n\n\n<p>Si solicita un restablecimiento de contrase\u00f1a, su direcci\u00f3n IP se incluir\u00e1 en el correo electr\u00f3nico de restablecimiento.<\/p>\n\n\n\n<h2 class=\"wp-block-heading\">Cu\u00e1nto tiempo conservamos tus datos<\/h2>\n\n\n\n<p>Para los usuarios que se registran en nuestro sitio web (si los hay), tambi\u00e9n almacenamos la informaci\u00f3n personal que proporcionan en su perfil de usuario. Todos los usuarios pueden ver, editar o eliminar su informaci\u00f3n personal en cualquier momento (excepto que no pueden cambiar su nombre de usuario). Los administradores del sitio web tambi\u00e9n pueden ver y editar esa informaci\u00f3n.<\/p>\n\n\n\n<h2 class=\"wp-block-heading\">Qu\u00e9 derechos tienes sobre tus datos<\/h2>\n\n\n\n<p>Si tiene una cuenta en este sitio o ha dejado comentarios, puede solicitar recibir un archivo exportado de los datos personales que tenemos sobre usted, incluidos los datos que nos haya proporcionado. Tambi\u00e9n puede solicitar que borremos cualquier dato personal que tengamos sobre usted. Esto no incluye ning\u00fan dato que estemos obligados a conservar con fines administrativos, legales o de seguridad.<\/p>\n\n\n\n<h2 class=\"wp-block-heading\">D\u00f3nde se env\u00edan tus datos<\/h2>\n\n\n\n<p>Los comentarios de los visitantes pueden revisarse a trav\u00e9s de un servicio automatizado de detecci\u00f3n de spam.<\/p>\n\n\n\n<p><\/p>\n\n\n\n<p><\/p>\n\n\n\n<p><\/p>","protected":false},"excerpt":{"rendered":"<p>Privacy Policy Who we are Our website address is: https:\/\/majie.ca. Cookies If you visit our login page, we will set a temporary cookie to determine if your browser accepts cookies. This cookie contains no personal data and is discarded when you close your browser. When&#8230;<\/p>","protected":false},"author":1,"featured_media":0,"parent":0,"menu_order":0,"comment_status":"closed","ping_status":"closed","template":"","meta":{"footnotes":""},"class_list":["post-3","page","type-page","status-publish","hentry"],"yoast_head":"<!-- This site is optimized with the Yoast SEO plugin v27.3 - https:\/\/yoast.com\/product\/yoast-seo-wordpress\/ -->\n<title>Privacy Policy - Majie<\/title>\n<meta name=\"robots\" content=\"index, follow, max-snippet:-1, max-image-preview:large, max-video-preview:-1\" \/>\n<link rel=\"canonical\" href=\"https:\/\/majie.ca\/es\/privacy-policy\/\" \/>\n<meta property=\"og:locale\" content=\"es_ES\" \/>\n<meta property=\"og:type\" content=\"article\" \/>\n<meta property=\"og:title\" content=\"Privacy Policy - Majie\" \/>\n<meta property=\"og:description\" content=\"Privacy Policy Who we are Our website address is: https:\/\/majie.ca. Cookies If you visit our login page, we will set a temporary cookie to determine if your browser accepts cookies. This cookie contains no personal data and is discarded when you close your browser. When...\" \/>\n<meta property=\"og:url\" content=\"https:\/\/majie.ca\/es\/privacy-policy\/\" \/>\n<meta property=\"og:site_name\" content=\"Majie\" \/>\n<meta property=\"article:publisher\" content=\"https:\/\/www.facebook.com\/artbymajie\" \/>\n<meta property=\"article:modified_time\" content=\"2024-08-19T23:17:22+00:00\" \/>\n<meta name=\"twitter:card\" content=\"summary_large_image\" \/>\n<meta name=\"twitter:label1\" content=\"Est. reading time\" \/>\n\t<meta name=\"twitter:data1\" content=\"2 minutos\" \/>\n<script type=\"application\/ld+json\" class=\"yoast-schema-graph\">{\"@context\":\"https:\\\/\\\/schema.org\",\"@graph\":[{\"@type\":\"WebPage\",\"@id\":\"https:\\\/\\\/majie.ca\\\/privacy-policy\\\/\",\"url\":\"https:\\\/\\\/majie.ca\\\/privacy-policy\\\/\",\"name\":\"Privacy Policy - Majie\",\"isPartOf\":{\"@id\":\"https:\\\/\\\/majie.ca\\\/#website\"},\"datePublished\":\"2024-06-27T15:28:12+00:00\",\"dateModified\":\"2024-08-19T23:17:22+00:00\",\"breadcrumb\":{\"@id\":\"https:\\\/\\\/majie.ca\\\/privacy-policy\\\/#breadcrumb\"},\"inLanguage\":\"es-CR\",\"potentialAction\":[{\"@type\":\"ReadAction\",\"target\":[\"https:\\\/\\\/majie.ca\\\/privacy-policy\\\/\"]}]},{\"@type\":\"BreadcrumbList\",\"@id\":\"https:\\\/\\\/majie.ca\\\/privacy-policy\\\/#breadcrumb\",\"itemListElement\":[{\"@type\":\"ListItem\",\"position\":1,\"name\":\"Home\",\"item\":\"https:\\\/\\\/majie.ca\\\/\"},{\"@type\":\"ListItem\",\"position\":2,\"name\":\"Privacy Policy\"}]},{\"@type\":\"WebSite\",\"@id\":\"https:\\\/\\\/majie.ca\\\/#website\",\"url\":\"https:\\\/\\\/majie.ca\\\/\",\"name\":\"Majie\",\"description\":\"Abstract and Interactive Art\",\"publisher\":{\"@id\":\"https:\\\/\\\/majie.ca\\\/#organization\"},\"potentialAction\":[{\"@type\":\"SearchAction\",\"target\":{\"@type\":\"EntryPoint\",\"urlTemplate\":\"https:\\\/\\\/majie.ca\\\/?s={search_term_string}\"},\"query-input\":{\"@type\":\"PropertyValueSpecification\",\"valueRequired\":true,\"valueName\":\"search_term_string\"}}],\"inLanguage\":\"es-CR\"},{\"@type\":\"Organization\",\"@id\":\"https:\\\/\\\/majie.ca\\\/#organization\",\"name\":\"Majie\",\"url\":\"https:\\\/\\\/majie.ca\\\/\",\"logo\":{\"@type\":\"ImageObject\",\"inLanguage\":\"es-CR\",\"@id\":\"https:\\\/\\\/majie.ca\\\/#\\\/schema\\\/logo\\\/image\\\/\",\"url\":\"https:\\\/\\\/majie.ca\\\/wp-content\\\/uploads\\\/2024\\\/07\\\/cropped-android-chrome-512x512-1.png\",\"contentUrl\":\"https:\\\/\\\/majie.ca\\\/wp-content\\\/uploads\\\/2024\\\/07\\\/cropped-android-chrome-512x512-1.png\",\"width\":512,\"height\":512,\"caption\":\"Majie\"},\"image\":{\"@id\":\"https:\\\/\\\/majie.ca\\\/#\\\/schema\\\/logo\\\/image\\\/\"},\"sameAs\":[\"https:\\\/\\\/www.facebook.com\\\/artbymajie\",\"https:\\\/\\\/www.instagram.com\\\/majielavergne\\\/\"]}]}<\/script>\n<!-- \/ Yoast SEO plugin. -->","yoast_head_json":{"title":"Privacy Policy - Majie","robots":{"index":"index","follow":"follow","max-snippet":"max-snippet:-1","max-image-preview":"max-image-preview:large","max-video-preview":"max-video-preview:-1"},"canonical":"https:\/\/majie.ca\/es\/privacy-policy\/","og_locale":"es_ES","og_type":"article","og_title":"Privacy Policy - Majie","og_description":"Privacy Policy Who we are Our website address is: https:\/\/majie.ca. Cookies If you visit our login page, we will set a temporary cookie to determine if your browser accepts cookies. This cookie contains no personal data and is discarded when you close your browser. When...","og_url":"https:\/\/majie.ca\/es\/privacy-policy\/","og_site_name":"Majie","article_publisher":"https:\/\/www.facebook.com\/artbymajie","article_modified_time":"2024-08-19T23:17:22+00:00","twitter_card":"summary_large_image","twitter_misc":{"Est. reading time":"2 minutos"},"schema":{"@context":"https:\/\/schema.org","@graph":[{"@type":"WebPage","@id":"https:\/\/majie.ca\/privacy-policy\/","url":"https:\/\/majie.ca\/privacy-policy\/","name":"Privacy Policy - Majie","isPartOf":{"@id":"https:\/\/majie.ca\/#website"},"datePublished":"2024-06-27T15:28:12+00:00","dateModified":"2024-08-19T23:17:22+00:00","breadcrumb":{"@id":"https:\/\/majie.ca\/privacy-policy\/#breadcrumb"},"inLanguage":"es-CR","potentialAction":[{"@type":"ReadAction","target":["https:\/\/majie.ca\/privacy-policy\/"]}]},{"@type":"BreadcrumbList","@id":"https:\/\/majie.ca\/privacy-policy\/#breadcrumb","itemListElement":[{"@type":"ListItem","position":1,"name":"Home","item":"https:\/\/majie.ca\/"},{"@type":"ListItem","position":2,"name":"Privacy Policy"}]},{"@type":"WebSite","@id":"https:\/\/majie.ca\/#website","url":"https:\/\/majie.ca\/","name":"Majie","description":"Abstract and Interactive Art","publisher":{"@id":"https:\/\/majie.ca\/#organization"},"potentialAction":[{"@type":"SearchAction","target":{"@type":"EntryPoint","urlTemplate":"https:\/\/majie.ca\/?s={search_term_string}"},"query-input":{"@type":"PropertyValueSpecification","valueRequired":true,"valueName":"search_term_string"}}],"inLanguage":"es-CR"},{"@type":"Organization","@id":"https:\/\/majie.ca\/#organization","name":"Majie","url":"https:\/\/majie.ca\/","logo":{"@type":"ImageObject","inLanguage":"es-CR","@id":"https:\/\/majie.ca\/#\/schema\/logo\/image\/","url":"https:\/\/majie.ca\/wp-content\/uploads\/2024\/07\/cropped-android-chrome-512x512-1.png","contentUrl":"https:\/\/majie.ca\/wp-content\/uploads\/2024\/07\/cropped-android-chrome-512x512-1.png","width":512,"height":512,"caption":"Majie"},"image":{"@id":"https:\/\/majie.ca\/#\/schema\/logo\/image\/"},"sameAs":["https:\/\/www.facebook.com\/artbymajie","https:\/\/www.instagram.com\/majielavergne\/"]}]}},"_links":{"self":[{"href":"https:\/\/majie.ca\/es\/wp-json\/wp\/v2\/pages\/3","targetHints":{"allow":["GET"]}}],"collection":[{"href":"https:\/\/majie.ca\/es\/wp-json\/wp\/v2\/pages"}],"about":[{"href":"https:\/\/majie.ca\/es\/wp-json\/wp\/v2\/types\/page"}],"author":[{"embeddable":true,"href":"https:\/\/majie.ca\/es\/wp-json\/wp\/v2\/users\/1"}],"replies":[{"embeddable":true,"href":"https:\/\/majie.ca\/es\/wp-json\/wp\/v2\/comments?post=3"}],"version-history":[{"count":2,"href":"https:\/\/majie.ca\/es\/wp-json\/wp\/v2\/pages\/3\/revisions"}],"predecessor-version":[{"id":1501,"href":"https:\/\/majie.ca\/es\/wp-json\/wp\/v2\/pages\/3\/revisions\/1501"}],"wp:attachment":[{"href":"https:\/\/majie.ca\/es\/wp-json\/wp\/v2\/media?parent=3"}],"curies":[{"name":"wp","href":"https:\/\/api.w.org\/{rel}","templated":true}]}}