{"id":1065,"date":"2024-07-31T18:03:50","date_gmt":"2024-07-31T18:03:50","guid":{"rendered":"https:\/\/denice.majie.ca\/?page_id=1065"},"modified":"2024-08-22T22:35:29","modified_gmt":"2024-08-22T22:35:29","slug":"artist-statement","status":"publish","type":"page","link":"https:\/\/majie.ca\/es\/artist-statement\/","title":{"rendered":"Artist Statement New"},"content":{"rendered":"<div data-elementor-type=\"wp-page\" data-elementor-id=\"1065\" class=\"elementor elementor-1065\">\n\t\t\t\t<div class=\"elementor-element elementor-element-03d584f e-flex e-con-boxed parallax_section_no qode_elementor_container_no e-con e-parent\" data-id=\"03d584f\" data-element_type=\"container\" data-e-type=\"container\">\n\t\t\t\t\t<div class=\"e-con-inner\">\n\t\t\t\t<div class=\"elementor-element elementor-element-bbd804c elementor-widget elementor-widget-spacer\" data-id=\"bbd804c\" data-element_type=\"widget\" data-e-type=\"widget\" data-widget_type=\"spacer.default\">\n\t\t\t\t<div class=\"elementor-widget-container\">\n\t\t\t\t\t\t\t<div class=\"elementor-spacer\">\n\t\t\t<div class=\"elementor-spacer-inner\"><\/div>\n\t\t<\/div>\n\t\t\t\t\t\t<\/div>\n\t\t\t\t<\/div>\n\t\t\t\t<div class=\"elementor-element elementor-element-487321d elementor-widget elementor-widget-heading\" data-id=\"487321d\" data-element_type=\"widget\" data-e-type=\"widget\" data-widget_type=\"heading.default\">\n\t\t\t\t<div class=\"elementor-widget-container\">\n\t\t\t\t\t<h1 class=\"elementor-heading-title elementor-size-default\">DECLARACI\u00d3N DEL ARTISTA<\/h1>\t\t\t\t<\/div>\n\t\t\t\t<\/div>\n\t\t\t\t\t<\/div>\n\t\t\t\t<\/div>\n\t\t<div class=\"elementor-element elementor-element-52106c9 e-flex e-con-boxed parallax_section_no qode_elementor_container_no e-con e-parent\" data-id=\"52106c9\" data-element_type=\"container\" data-e-type=\"container\">\n\t\t\t\t\t<div class=\"e-con-inner\">\n\t\t\t\t<div class=\"elementor-element elementor-element-91618c1 elementor-widget elementor-widget-image\" data-id=\"91618c1\" data-element_type=\"widget\" data-e-type=\"widget\" data-widget_type=\"image.default\">\n\t\t\t\t<div class=\"elementor-widget-container\">\n\t\t\t\t\t\t\t\t\t\t\t\t\t\t\t<img fetchpriority=\"high\" decoding=\"async\" width=\"500\" height=\"375\" src=\"https:\/\/majie.ca\/wp-content\/uploads\/2024\/07\/majie-small.webp\" class=\"attachment-medium_large size-medium_large wp-image-810\" alt=\"\" srcset=\"https:\/\/majie.ca\/wp-content\/uploads\/2024\/07\/majie-small.webp 500w, https:\/\/majie.ca\/wp-content\/uploads\/2024\/07\/majie-small-300x225.webp 300w, https:\/\/majie.ca\/wp-content\/uploads\/2024\/07\/majie-small-16x12.webp 16w\" sizes=\"(max-width: 500px) 100vw, 500px\" \/>\t\t\t\t\t\t\t\t\t\t\t\t\t\t\t<\/div>\n\t\t\t\t<\/div>\n\t\t\t\t<div class=\"elementor-element elementor-element-68585d8 elementor-widget elementor-widget-text-editor\" data-id=\"68585d8\" data-element_type=\"widget\" data-e-type=\"widget\" data-widget_type=\"text-editor.default\">\n\t\t\t\t<div class=\"elementor-widget-container\">\n\t\t\t\t\t\t\t\t\t<p><span style=\"font-family: Calibri, serif;\"><span style=\"font-size: large;\">Soy un pintor abstracto franc\u00e9s. En mi trabajo hay dos corrientes separadas: abstracta e interactiva.<br \/><br \/>En mi trabajo abstracto, tengo dos series diferentes.<br \/><br \/>En la serie \"El amor siempre vuelve a ponerse de pie\", deconstru\u00ed la palabra AMOR en l\u00edneas y c\u00edrculos en una variedad de permutaciones. Sin embargo, como la \"E\" del amor aparece en la parte inferior derecha de cada cuadro con consistencia y estabilidad, sirve como recordatorio de que, como el sol en un d\u00eda de niebla, el amor siempre est\u00e1 presente incluso en medio de las dificultades.<br \/><br \/>En \"Danza de los Opuestos\", sigo experimentando combinando formas geom\u00e9tricas y org\u00e1nicas, pero esta vez sin las limitaciones de palabras o letras. Reunir energ\u00edas opuestas (geometr\u00eda versus org\u00e1nica) en una composici\u00f3n y lograr ese punto de armon\u00eda y equilibrio presenta para m\u00ed un desaf\u00edo formidable y emocionante. En \"Danza de los Opuestos\", tambi\u00e9n experimento con la t\u00e9cnica del estampado como un nuevo enfoque para aplicar tinta con alcohol, lo que me permite profundizar en las formas geom\u00e9tricas y al mismo tiempo crear un contraste visual con el aspecto m\u00e1s fluido del medio.<br \/><br \/>Mi segunda \u00e1rea de concentraci\u00f3n es el arte interactivo. Hice una serie llamada \"Re-Crear\". \u201cRe-Crear\u201d se inspir\u00f3 en mi deseo de ayudar a otros a desarrollar sus propias habilidades creativas y de juego. Se anima al espectador a mover diferentes formas sobre un fondo magnetizado en un n\u00famero infinito de combinaciones para crear su propio dise\u00f1o original. El arte evoluciona desde una producci\u00f3n fija definida hasta una experiencia din\u00e1mica, l\u00fadica, creativa y transitoria.<br \/><br \/>Pintar una imagen, ya sea abstracta o interactiva, es un proceso tumultuoso y misterioso y, en ocasiones, notable. Este abrazo con la vida y sus misterios siempre me conecta con las palabras de Henry Miller\u2026.<b>\u201cPintar es amar de nuevo\u201d<\/b>.<br \/><\/span><\/span><\/p><p>\u00a0<\/p><p>\u00a0<\/p>\t\t\t\t\t\t\t\t<\/div>\n\t\t\t\t<\/div>\n\t\t\t\t\t<\/div>\n\t\t\t\t<\/div>\n\t\t\t\t<\/div>","protected":false},"excerpt":{"rendered":"<p>artist statement I am a French abstract painter. In my work, there are two separate streams: abstract and interactive. In my Abstract work, I have two different series. In &#8220;Love Always Falls Back On Its Feet,&#8221; series, I deconstructed the word L-O-V-E into lines and&#8230;<\/p>","protected":false},"author":1,"featured_media":0,"parent":0,"menu_order":0,"comment_status":"closed","ping_status":"closed","template":"full_width.php","meta":{"footnotes":""},"class_list":["post-1065","page","type-page","status-publish","hentry"],"yoast_head":"<!-- This site is optimized with the Yoast SEO plugin v27.3 - https:\/\/yoast.com\/product\/yoast-seo-wordpress\/ -->\n<title>Artist Statement New - Majie<\/title>\n<meta name=\"description\" content=\"I am a French abstract painter. In my work, there are two separate streams: abstract and interactive.\" \/>\n<meta name=\"robots\" content=\"index, follow, max-snippet:-1, max-image-preview:large, max-video-preview:-1\" \/>\n<link rel=\"canonical\" href=\"https:\/\/majie.ca\/es\/artist-statement\/\" \/>\n<meta property=\"og:locale\" content=\"es_ES\" \/>\n<meta property=\"og:type\" content=\"article\" \/>\n<meta property=\"og:title\" content=\"Artist Statement New - Majie\" \/>\n<meta property=\"og:description\" content=\"I am a French abstract painter. In my work, there are two separate streams: abstract and interactive.\" \/>\n<meta property=\"og:url\" content=\"https:\/\/majie.ca\/es\/artist-statement\/\" \/>\n<meta property=\"og:site_name\" content=\"Majie\" \/>\n<meta property=\"article:publisher\" content=\"https:\/\/www.facebook.com\/artbymajie\" \/>\n<meta property=\"article:modified_time\" content=\"2024-08-22T22:35:29+00:00\" \/>\n<meta property=\"og:image\" content=\"https:\/\/majie.ca\/wp-content\/uploads\/2024\/07\/majie-small.webp\" \/>\n<meta name=\"twitter:card\" content=\"summary_large_image\" \/>\n<meta name=\"twitter:label1\" content=\"Est. reading time\" \/>\n\t<meta name=\"twitter:data1\" content=\"2 minutos\" \/>\n<script type=\"application\/ld+json\" class=\"yoast-schema-graph\">{\"@context\":\"https:\\\/\\\/schema.org\",\"@graph\":[{\"@type\":\"WebPage\",\"@id\":\"https:\\\/\\\/majie.ca\\\/artist-statement\\\/\",\"url\":\"https:\\\/\\\/majie.ca\\\/artist-statement\\\/\",\"name\":\"Artist Statement New - Majie\",\"isPartOf\":{\"@id\":\"https:\\\/\\\/majie.ca\\\/#website\"},\"primaryImageOfPage\":{\"@id\":\"https:\\\/\\\/majie.ca\\\/artist-statement\\\/#primaryimage\"},\"image\":{\"@id\":\"https:\\\/\\\/majie.ca\\\/artist-statement\\\/#primaryimage\"},\"thumbnailUrl\":\"https:\\\/\\\/majie.ca\\\/wp-content\\\/uploads\\\/2024\\\/07\\\/majie-small.webp\",\"datePublished\":\"2024-07-31T18:03:50+00:00\",\"dateModified\":\"2024-08-22T22:35:29+00:00\",\"description\":\"I am a French abstract painter. In my work, there are two separate streams: abstract and interactive.\",\"breadcrumb\":{\"@id\":\"https:\\\/\\\/majie.ca\\\/artist-statement\\\/#breadcrumb\"},\"inLanguage\":\"es-CR\",\"potentialAction\":[{\"@type\":\"ReadAction\",\"target\":[\"https:\\\/\\\/majie.ca\\\/artist-statement\\\/\"]}]},{\"@type\":\"ImageObject\",\"inLanguage\":\"es-CR\",\"@id\":\"https:\\\/\\\/majie.ca\\\/artist-statement\\\/#primaryimage\",\"url\":\"https:\\\/\\\/majie.ca\\\/wp-content\\\/uploads\\\/2024\\\/07\\\/majie-small.webp\",\"contentUrl\":\"https:\\\/\\\/majie.ca\\\/wp-content\\\/uploads\\\/2024\\\/07\\\/majie-small.webp\"},{\"@type\":\"BreadcrumbList\",\"@id\":\"https:\\\/\\\/majie.ca\\\/artist-statement\\\/#breadcrumb\",\"itemListElement\":[{\"@type\":\"ListItem\",\"position\":1,\"name\":\"Home\",\"item\":\"https:\\\/\\\/majie.ca\\\/\"},{\"@type\":\"ListItem\",\"position\":2,\"name\":\"Artist Statement New\"}]},{\"@type\":\"WebSite\",\"@id\":\"https:\\\/\\\/majie.ca\\\/#website\",\"url\":\"https:\\\/\\\/majie.ca\\\/\",\"name\":\"Majie\",\"description\":\"Abstract and Interactive Art\",\"publisher\":{\"@id\":\"https:\\\/\\\/majie.ca\\\/#organization\"},\"potentialAction\":[{\"@type\":\"SearchAction\",\"target\":{\"@type\":\"EntryPoint\",\"urlTemplate\":\"https:\\\/\\\/majie.ca\\\/?s={search_term_string}\"},\"query-input\":{\"@type\":\"PropertyValueSpecification\",\"valueRequired\":true,\"valueName\":\"search_term_string\"}}],\"inLanguage\":\"es-CR\"},{\"@type\":\"Organization\",\"@id\":\"https:\\\/\\\/majie.ca\\\/#organization\",\"name\":\"Majie\",\"url\":\"https:\\\/\\\/majie.ca\\\/\",\"logo\":{\"@type\":\"ImageObject\",\"inLanguage\":\"es-CR\",\"@id\":\"https:\\\/\\\/majie.ca\\\/#\\\/schema\\\/logo\\\/image\\\/\",\"url\":\"https:\\\/\\\/majie.ca\\\/wp-content\\\/uploads\\\/2024\\\/07\\\/cropped-android-chrome-512x512-1.png\",\"contentUrl\":\"https:\\\/\\\/majie.ca\\\/wp-content\\\/uploads\\\/2024\\\/07\\\/cropped-android-chrome-512x512-1.png\",\"width\":512,\"height\":512,\"caption\":\"Majie\"},\"image\":{\"@id\":\"https:\\\/\\\/majie.ca\\\/#\\\/schema\\\/logo\\\/image\\\/\"},\"sameAs\":[\"https:\\\/\\\/www.facebook.com\\\/artbymajie\",\"https:\\\/\\\/www.instagram.com\\\/majielavergne\\\/\"]}]}<\/script>\n<!-- \/ Yoast SEO plugin. -->","yoast_head_json":{"title":"Artist Statement New - Majie","description":"Soy un pintor abstracto franc\u00e9s. En mi trabajo hay dos corrientes separadas: abstracta e interactiva.","robots":{"index":"index","follow":"follow","max-snippet":"max-snippet:-1","max-image-preview":"max-image-preview:large","max-video-preview":"max-video-preview:-1"},"canonical":"https:\/\/majie.ca\/es\/artist-statement\/","og_locale":"es_ES","og_type":"article","og_title":"Artist Statement New - Majie","og_description":"I am a French abstract painter. In my work, there are two separate streams: abstract and interactive.","og_url":"https:\/\/majie.ca\/es\/artist-statement\/","og_site_name":"Majie","article_publisher":"https:\/\/www.facebook.com\/artbymajie","article_modified_time":"2024-08-22T22:35:29+00:00","og_image":[{"url":"https:\/\/majie.ca\/wp-content\/uploads\/2024\/07\/majie-small.webp","type":"","width":"","height":""}],"twitter_card":"summary_large_image","twitter_misc":{"Est. reading time":"2 minutos"},"schema":{"@context":"https:\/\/schema.org","@graph":[{"@type":"WebPage","@id":"https:\/\/majie.ca\/artist-statement\/","url":"https:\/\/majie.ca\/artist-statement\/","name":"Artist Statement New - Majie","isPartOf":{"@id":"https:\/\/majie.ca\/#website"},"primaryImageOfPage":{"@id":"https:\/\/majie.ca\/artist-statement\/#primaryimage"},"image":{"@id":"https:\/\/majie.ca\/artist-statement\/#primaryimage"},"thumbnailUrl":"https:\/\/majie.ca\/wp-content\/uploads\/2024\/07\/majie-small.webp","datePublished":"2024-07-31T18:03:50+00:00","dateModified":"2024-08-22T22:35:29+00:00","description":"Soy un pintor abstracto franc\u00e9s. En mi trabajo hay dos corrientes separadas: abstracta e interactiva.","breadcrumb":{"@id":"https:\/\/majie.ca\/artist-statement\/#breadcrumb"},"inLanguage":"es-CR","potentialAction":[{"@type":"ReadAction","target":["https:\/\/majie.ca\/artist-statement\/"]}]},{"@type":"ImageObject","inLanguage":"es-CR","@id":"https:\/\/majie.ca\/artist-statement\/#primaryimage","url":"https:\/\/majie.ca\/wp-content\/uploads\/2024\/07\/majie-small.webp","contentUrl":"https:\/\/majie.ca\/wp-content\/uploads\/2024\/07\/majie-small.webp"},{"@type":"BreadcrumbList","@id":"https:\/\/majie.ca\/artist-statement\/#breadcrumb","itemListElement":[{"@type":"ListItem","position":1,"name":"Home","item":"https:\/\/majie.ca\/"},{"@type":"ListItem","position":2,"name":"Artist Statement New"}]},{"@type":"WebSite","@id":"https:\/\/majie.ca\/#website","url":"https:\/\/majie.ca\/","name":"Majie","description":"Abstract and Interactive Art","publisher":{"@id":"https:\/\/majie.ca\/#organization"},"potentialAction":[{"@type":"SearchAction","target":{"@type":"EntryPoint","urlTemplate":"https:\/\/majie.ca\/?s={search_term_string}"},"query-input":{"@type":"PropertyValueSpecification","valueRequired":true,"valueName":"search_term_string"}}],"inLanguage":"es-CR"},{"@type":"Organization","@id":"https:\/\/majie.ca\/#organization","name":"Majie","url":"https:\/\/majie.ca\/","logo":{"@type":"ImageObject","inLanguage":"es-CR","@id":"https:\/\/majie.ca\/#\/schema\/logo\/image\/","url":"https:\/\/majie.ca\/wp-content\/uploads\/2024\/07\/cropped-android-chrome-512x512-1.png","contentUrl":"https:\/\/majie.ca\/wp-content\/uploads\/2024\/07\/cropped-android-chrome-512x512-1.png","width":512,"height":512,"caption":"Majie"},"image":{"@id":"https:\/\/majie.ca\/#\/schema\/logo\/image\/"},"sameAs":["https:\/\/www.facebook.com\/artbymajie","https:\/\/www.instagram.com\/majielavergne\/"]}]}},"_links":{"self":[{"href":"https:\/\/majie.ca\/es\/wp-json\/wp\/v2\/pages\/1065","targetHints":{"allow":["GET"]}}],"collection":[{"href":"https:\/\/majie.ca\/es\/wp-json\/wp\/v2\/pages"}],"about":[{"href":"https:\/\/majie.ca\/es\/wp-json\/wp\/v2\/types\/page"}],"author":[{"embeddable":true,"href":"https:\/\/majie.ca\/es\/wp-json\/wp\/v2\/users\/1"}],"replies":[{"embeddable":true,"href":"https:\/\/majie.ca\/es\/wp-json\/wp\/v2\/comments?post=1065"}],"version-history":[{"count":12,"href":"https:\/\/majie.ca\/es\/wp-json\/wp\/v2\/pages\/1065\/revisions"}],"predecessor-version":[{"id":1257,"href":"https:\/\/majie.ca\/es\/wp-json\/wp\/v2\/pages\/1065\/revisions\/1257"}],"wp:attachment":[{"href":"https:\/\/majie.ca\/es\/wp-json\/wp\/v2\/media?parent=1065"}],"curies":[{"name":"wp","href":"https:\/\/api.w.org\/{rel}","templated":true}]}}