{"id":1036,"date":"2024-07-27T20:36:05","date_gmt":"2024-07-27T20:36:05","guid":{"rendered":"https:\/\/denice.majie.ca\/?page_id=1036"},"modified":"2024-08-19T23:16:31","modified_gmt":"2024-08-19T23:16:31","slug":"terms-conditions","status":"publish","type":"page","link":"https:\/\/majie.ca\/es\/terms-conditions\/","title":{"rendered":"Terms &#038; Conditions"},"content":{"rendered":"<div data-elementor-type=\"wp-page\" data-elementor-id=\"1036\" class=\"elementor elementor-1036\">\n\t\t\t\t<div class=\"elementor-element elementor-element-8b42986 e-flex e-con-boxed parallax_section_no qode_elementor_container_no e-con e-parent\" data-id=\"8b42986\" data-element_type=\"container\" data-e-type=\"container\">\n\t\t\t\t\t<div class=\"e-con-inner\">\n\t\t\t\t<div class=\"elementor-element elementor-element-01251c2 elementor-widget elementor-widget-heading\" data-id=\"01251c2\" data-element_type=\"widget\" data-e-type=\"widget\" data-widget_type=\"heading.default\">\n\t\t\t\t<div class=\"elementor-widget-container\">\n\t\t\t\t\t<h1 class=\"elementor-heading-title elementor-size-default\">T\u00e9rminos y Condiciones<\/h1>\t\t\t\t<\/div>\n\t\t\t\t<\/div>\n\t\t\t\t<div class=\"elementor-element elementor-element-48767e2 elementor-widget elementor-widget-text-editor\" data-id=\"48767e2\" data-element_type=\"widget\" data-e-type=\"widget\" data-widget_type=\"text-editor.default\">\n\t\t\t\t<div class=\"elementor-widget-container\">\n\t\t\t\t\t\t\t\t\t<p class=\"western\" lang=\"en-AU\" align=\"center\">\u00a0<\/p>\n<p class=\"western\" lang=\"en-AU\" align=\"justify\"><span style=\"color: #000000;\"><span style=\"font-family: Arial, serif;\"><span style=\"font-size: medium;\"><span lang=\"en-US\">T\u00f3mese el tiempo para leer estos t\u00e9rminos y condiciones. Al utilizar Nuestro sitio web y los Servicios e informaci\u00f3n ofrecidos en Nuestro sitio web, usted acepta estos t\u00e9rminos y condiciones.<\/span><\/span><\/span><\/span><\/p>\n<p class=\"western\" lang=\"en-AU\" align=\"justify\"><span style=\"color: #000000;\"><span style=\"font-family: Arial, serif;\"><span style=\"font-size: medium;\"><span lang=\"en-US\">Si compra productos a trav\u00e9s de nuestro sitio web, habr\u00e1 t\u00e9rminos y condiciones adicionales relacionados con la compra. Aseg\u00farese de estar de acuerdo con estos t\u00e9rminos y condiciones, que se le indicar\u00e1 que lea antes de realizar su compra.<\/span><\/span><\/span><\/span><\/p>\n<h3 class=\"western\" lang=\"en-AU\" align=\"justify\"><span style=\"color: #000000;\"><span style=\"font-family: Arial, serif;\"><span style=\"font-size: medium;\"><span lang=\"en-US\"><b>Definiciones<\/b><\/span><\/span><\/span><\/span><\/h3>\n<p class=\"western\" lang=\"en-AU\" align=\"justify\"><span style=\"color: #000000;\"><span style=\"font-family: Arial, serif;\"><span style=\"font-size: medium;\"><span lang=\"en-US\"><b>Servicios<\/b><\/span><\/span><\/span><\/span><span style=\"color: #000000;\"><span style=\"font-family: Arial, serif;\"><span style=\"font-size: medium;\"><span lang=\"en-US\"> significa<\/span><\/span><\/span><\/span><span style=\"color: #000000;\"><span style=\"font-family: Arial, serif;\"><span style=\"font-size: medium;\"> todos los servicios relacionados con nuestro <\/span><\/span><\/span><span style=\"color: #000000;\"><span style=\"font-family: Arial, serif;\"><span style=\"font-size: medium;\">arte<\/span><\/span><\/span><span style=\"color: #000000;\"><span style=\"font-family: Arial, serif;\"><span style=\"font-size: medium;\"> negocio <\/span><\/span><\/span><\/p>\n<p class=\"western\" lang=\"en-AU\" align=\"justify\"><span style=\"color: #000000;\"><span style=\"font-family: Arial, serif;\"><span style=\"font-size: medium;\"><span lang=\"en-US\"><b>el sitio web <\/b><\/span><\/span><\/span><\/span><span style=\"color: #000000;\"><span style=\"font-family: Arial, serif;\"><span style=\"font-size: medium;\"><span lang=\"en-US\">significa el sitio<\/span><\/span><\/span><\/span><span style=\"color: #000000;\"><span style=\"font-family: Arial, serif;\"><span style=\"font-size: medium;\">: https:\/\/<\/span><\/span><\/span><span style=\"color: #000000;\"><span style=\"font-family: Arial, serif;\"><span style=\"font-size: medium;\"><span lang=\"en-US\">majie.ca<\/span><\/span><\/span><\/span><\/p>\n<p class=\"western\" lang=\"en-AU\" align=\"justify\"><span style=\"color: #000000;\"><span style=\"font-family: Arial, serif;\"><span style=\"font-size: medium;\"><span lang=\"en-US\"><b>Nosotros<\/b><\/span><\/span><\/span><\/span><span style=\"color: #000000;\"><span style=\"font-family: Arial, serif;\"><span style=\"font-size: medium;\"><span lang=\"en-US\"> significa<\/span><\/span><\/span><\/span> <span style=\"color: #000000;\"><span style=\"font-family: Arial, serif;\"><span style=\"font-size: medium;\">Maji<\/span><\/span><\/span><span style=\"color: #000000;\"><span style=\"font-family: Arial, serif;\"><span style=\"font-size: medium;\">e <\/span><\/span><\/span><span style=\"color: #000000;\"><span style=\"font-family: Arial, serif;\"><span style=\"font-size: medium;\">Laver<\/span><\/span><\/span><span style=\"color: #000000;\"><span style=\"font-family: Arial, serif;\"><span style=\"font-size: medium;\">gne<\/span><\/span><\/span> <span style=\"color: #000000;\"><span style=\"font-family: Arial, serif;\"><span style=\"font-size: medium;\"><span lang=\"en-US\">y cualquier subsidiaria, afiliada, empleado, funcionario, agente o cesionario.<\/span><\/span><\/span><\/span><\/p>\n<p lang=\"en-AU\"><span style=\"font-family: Times New Roman, serif;\"><span style=\"font-size: medium;\"><span style=\"color: #000000;\"><span style=\"font-family: Arial, serif;\"><b>Precisi\u00f3n del contenido<\/b><\/span><\/span><\/span><\/span><\/p>\n<p lang=\"en-AU\"><span style=\"font-family: Times New Roman, serif;\"><span style=\"font-size: medium;\"><span style=\"color: #000000;\"><span style=\"font-family: Arial, serif;\">Hemos tomado las precauciones y el cuidado adecuados para garantizar que la informaci\u00f3n que proporcionamos en este sitio web sea precisa. Sin embargo, no podemos garantizar ni aceptar ninguna responsabilidad legal que surja o est\u00e9 relacionada con la exactitud, confiabilidad, actualidad o integridad de cualquier contenido en este sitio web o en cualquier sitio vinculado.<\/span><\/span><\/span><\/span><\/p>\n<p lang=\"en-AU\"><span style=\"font-family: Times New Roman, serif;\"><span style=\"font-size: medium;\"><span style=\"color: #000000;\"><span style=\"font-family: Arial, serif;\">La informaci\u00f3n contenida en este sitio web no debe reemplazar el asesoramiento profesional. <\/span><\/span><\/span><\/span><\/p>\n<p class=\"western\" lang=\"en-AU\" align=\"justify\"><span style=\"color: #000000;\"><span style=\"font-family: Arial, serif;\"><span style=\"font-size: medium;\"><span lang=\"en-US\"><b>Usar<\/b><\/span><\/span><\/span><\/span><\/p>\n<p class=\"western\" lang=\"en-AU\" align=\"justify\"><span style=\"color: #000000;\"><span style=\"font-family: Arial, serif;\"><span style=\"font-size: medium;\"><span lang=\"en-US\">El sitio web est\u00e1 disponible para su uso previa aceptaci\u00f3n y cumplimiento de estos t\u00e9rminos y condiciones. Al utilizar este sitio web, usted acepta estos t\u00e9rminos y condiciones.<\/span><\/span><\/span><\/span><\/p>\n<p class=\"western\" lang=\"en-AU\" align=\"justify\"><span style=\"color: #000000;\"><span style=\"font-family: Arial, serif;\"><span style=\"font-size: medium;\"><span lang=\"en-US\">Usted acepta que utilizar\u00e1 este sitio web de acuerdo con todas las leyes, normas y regulaciones locales, estatales, nacionales e internacionales aplicables.<\/span><\/span><\/span><\/span><\/p>\n<p class=\"western\" lang=\"en-AU\" align=\"justify\"><span style=\"color: #000000;\"><span style=\"font-family: Arial, serif;\"><span style=\"font-size: medium;\"><span lang=\"en-US\">Usted acepta que no utilizar\u00e1, ni permitir\u00e1 ni <\/span><\/span><\/span><\/span><span style=\"color: #000000;\"><span style=\"font-family: Arial, serif;\"><span style=\"font-size: medium;\">autorizar\u00e1<\/span><\/span><\/span><span style=\"color: #000000;\"><span style=\"font-family: Arial, serif;\"><span style=\"font-size: medium;\"><span lang=\"en-US\"> a ning\u00fan tercero a utilizar, el sitio web para ning\u00fan prop\u00f3sito que sea ilegal, difamatorio, acosador, abusivo, fraudulento u obsceno o de cualquier otra manera inapropiada o de una manera que entra en conflicto con el Sitio Web o los Servicios. <\/span><\/span><\/span><\/span><\/p>\n<p class=\"western\" lang=\"en-AU\" align=\"justify\"><span style=\"color: #000000;\"><span style=\"font-family: Arial, serif;\"><span style=\"font-size: medium;\"><span lang=\"en-US\">Si contribuye a nuestro foro (si corresponde) o hace comentarios p\u00fablicos en este sitio web que sean, en nuestra opini\u00f3n, ilegales, difamatorios, acosadores, abusivos, fraudulentos u obscenos o de cualquier otra manera inapropiados o que entren en conflicto con el sitio web o el servicios ofrecidos, podremos, a nuestra discreci\u00f3n, negarnos a publicar dichos comentarios y\/o eliminarlos del sitio web.<\/span><\/span><\/span><\/span><\/p>\n<p class=\"western\" lang=\"en-AU\" align=\"justify\"><span style=\"color: #000000;\"><span style=\"font-family: Arial, serif;\"><span style=\"font-size: medium;\"><span lang=\"en-US\">Nos reservamos el derecho de rechazar o cancelar el servicio a cualquier persona en cualquier momento sin previo aviso ni motivo.<\/span><\/span><\/span><\/span><\/p>\n<p class=\"western\" lang=\"en-AU\" align=\"justify\"><span style=\"color: #000000;\"><span style=\"font-family: Arial, serif;\"><span style=\"font-size: medium;\"><span lang=\"en-US\"><b>Indemnizaci\u00f3n por p\u00e9rdida o da\u00f1o <\/b><\/span><\/span><\/span><\/span><\/p>\n<p class=\"western\" lang=\"en-AU\" align=\"justify\"><span style=\"color: #000000;\"><span style=\"font-family: Arial, serif;\"><span style=\"font-size: medium;\"><span lang=\"en-US\">Usted acepta indemnizarnos y eximirnos de toda responsabilidad o gasto que surja de o est\u00e9 relacionado de alguna manera con su uso de este sitio web o los servicios o la informaci\u00f3n ofrecidos en este sitio web, incluida cualquier responsabilidad o gasto que surja de todos los reclamos. , p\u00e9rdidas, da\u00f1os (reales y consecuentes), demandas, sentencias, costos de litigios y honorarios de abogados de todo tipo y naturaleza incurridos por usted o por terceros a trav\u00e9s de usted.<\/span><\/span><\/span><\/span><\/p>\n<p class=\"western\" lang=\"en-AU\" align=\"justify\"><span style=\"color: #000000;\"><span style=\"font-family: Arial, serif;\"><span style=\"font-size: medium;\"><span lang=\"en-US\"><b>Propiedad intelectual y derechos de autor<\/b><\/span><\/span><\/span><\/span><\/p>\n<p class=\"western\" lang=\"en-AU\" align=\"justify\"><span style=\"color: #000000;\"><span style=\"font-family: Arial, serif;\"><span style=\"font-size: medium;\"><span lang=\"en-US\">Tenemos los derechos de autor del contenido de este sitio web, incluidos todos los archivos, <\/span><\/span><\/span><\/span><span style=\"color: #000000;\"><span style=\"font-family: Arial, serif;\"><span style=\"font-size: medium;\">fotos, <\/span><\/span><\/span><span style=\"color: #000000;\"><span style=\"font-family: Arial, serif;\"><span style=\"font-size: medium;\"><span lang=\"en-US\">fotograf\u00edas, dise\u00f1os, datos, gr\u00e1ficos, art\u00edculos, contenido de archivos, c\u00f3digos, noticias, tutoriales, videos, rese\u00f1as, publicaciones en foros y bases de datos contenidos en el sitio web o en conexi\u00f3n con los Servicios. No debe utilizar ni replicar nuestro material protegido por derechos de autor salvo que lo permita la ley. Espec\u00edficamente, no debe utilizar ni replicar nuestro material protegido por derechos de autor con fines comerciales a menos que nosotros lo aceptemos expresamente, en cuyo caso es posible que le solicitemos que firme un <\/span><\/span><\/span><\/span><span style=\"color: #000000;\"><span style=\"font-family: Arial, serif;\"><span style=\"font-size: medium;\">Acuerdo de licencia.<\/span><\/span><\/span><span style=\"color: #000000;\"><span style=\"font-family: Arial, serif;\"><span style=\"font-size: medium;\"><span lang=\"en-US\"> Agreement. <\/span><\/span><\/span><\/span><\/p>\n<p class=\"western\" lang=\"en-AU\" align=\"justify\"><span style=\"color: #000000;\"><span style=\"font-family: Arial, serif;\"><span style=\"font-size: medium;\"><span lang=\"en-US\">Si desea utilizar contenido, im\u00e1genes u otros de nuestra propiedad intelectual, debe enviarnos su solicitud a la siguiente direcci\u00f3n de correo electr\u00f3nico: <\/span><\/span><\/span><\/span><\/p>\n<p class=\"western\" lang=\"en-AU\" align=\"justify\"><span style=\"color: #000000;\"><span style=\"font-family: Arial, serif;\"><span style=\"font-size: medium;\">majie@majie.ca<\/span><\/span><\/span><\/p>\n<p class=\"western\" lang=\"en-AU\" align=\"justify\"><span style=\"color: #000000;\"><span style=\"font-family: Arial, serif;\"><span style=\"font-size: medium;\"><span lang=\"en-US\"><b>Enlaces a sitios web externos<\/b><\/span><\/span><\/span><\/span><\/p>\n<p class=\"western\" lang=\"en-AU\" align=\"justify\"><span style=\"color: #000000;\"><span style=\"font-family: Arial, serif;\"><span style=\"font-size: medium;\"><span lang=\"en-US\">Este sitio web puede contener enlaces que lo dirijan fuera de este sitio web. Estos enlaces se proporcionan para su comodidad y no son una indicaci\u00f3n expresa o impl\u00edcita de que respaldamos o aprobamos el sitio web vinculado, su contenido o cualquier sitio web, producto o servicio asociado. No aceptamos ninguna responsabilidad por p\u00e9rdidas o da\u00f1os que surjan de o en conexi\u00f3n con su uso de estos sitios. <\/span><\/span><\/span><\/span><\/p>\n<p class=\"western\" lang=\"en-AU\" align=\"justify\"><span style=\"color: #000000;\"><span style=\"font-family: Arial, serif;\"><span style=\"font-size: medium;\"><span lang=\"en-US\">Puede vincular a nuestros art\u00edculos o p\u00e1gina de inicio. Sin embargo, no debe proporcionar un enlace que sugiera alguna asociaci\u00f3n, aprobaci\u00f3n o respaldo de nuestra parte con respecto a su sitio web, a menos que lo hayamos aceptado expresamente por escrito. Podemos retirar nuestro consentimiento para que usted se vincule a nuestro sitio en cualquier momento mediante notificaci\u00f3n.<\/span><\/span><\/span><\/span><\/p>\n<p class=\"western\" lang=\"en-AU\" align=\"justify\"><span style=\"color: #000000;\"><span style=\"font-family: Arial, serif;\"><span style=\"font-size: medium;\"><span lang=\"en-US\"><b>Limitaci\u00f3n de responsabilidad<\/b><\/span><\/span><\/span><\/span><\/p>\n<p class=\"western\" lang=\"en-AU\" align=\"justify\"><span style=\"color: #000000;\"><span style=\"font-family: Arial, serif;\"><span style=\"font-size: medium;\"><span lang=\"en-US\">No asumimos ninguna responsabilidad por la exactitud del contenido o las declaraciones contenidas en este sitio web o en relaci\u00f3n con nuestros Servicios. Las declaraciones realizadas son s\u00f3lo a modo de comentario general y usted debe asegurarse de su exactitud. Adem\u00e1s, todos nuestros Servicios se brindan sin garant\u00eda, con excepci\u00f3n de cualquier garant\u00eda prevista por la ley. No somos responsables de ning\u00fan da\u00f1o de ning\u00fan tipo, incurrido como resultado o relacionado con el uso del sitio web o nuestros Servicios.<\/span><\/span><\/span><\/span><\/p>\n<p class=\"western\" lang=\"en-AU\" align=\"justify\"><span style=\"color: #000000;\"><span style=\"font-family: Arial, serif;\"><span style=\"font-size: medium;\"><span lang=\"en-US\"><b>Recopilaci\u00f3n de informaci\u00f3n<\/b><\/span><\/span><\/span><\/span><\/p>\n<p class=\"western\" lang=\"en-AU\" align=\"justify\"><span style=\"color: #000000;\"><span style=\"font-family: Arial, serif;\"><span style=\"font-size: medium;\"><span lang=\"en-US\">El uso de la informaci\u00f3n que nos ha proporcionado, o que hemos recopilado y conservado en relaci\u00f3n con su uso del sitio web y\/o nuestros Servicios, se rige por nuestra Pol\u00edtica de Privacidad. Al utilizar este sitio web y los servicios asociados con este sitio web, usted acepta la Pol\u00edtica de privacidad. Para ver nuestra Pol\u00edtica de Privacidad <\/span><\/span><\/span><\/span><a href=\"https:\/\/majie.ca\/es\/privacy-policy\/\"><span style=\"color: #000000;\"><span style=\"font-family: Arial, serif;\"><span style=\"font-size: medium;\"><span lang=\"en-US\"><u>haga clic aqu\u00ed<\/u><\/span><\/span><\/span><\/span><\/a><span style=\"color: #000000;\"><span style=\"font-family: Arial, serif;\"><span style=\"font-size: medium;\"><span lang=\"en-US\">.<\/span><\/span><\/span><\/span><\/p>\n<p class=\"western\" lang=\"en-AU\" align=\"justify\"><span style=\"color: #000000;\"><span style=\"font-family: Arial, serif;\"><span style=\"font-size: medium;\"><span lang=\"en-US\"><b>Confidencialidad<\/b><\/span><\/span><\/span><\/span><\/p>\n<p class=\"western\" lang=\"en-AU\" align=\"justify\"><span style=\"color: #000000;\"><span style=\"font-family: Arial, serif;\"><span style=\"font-size: medium;\"><span lang=\"en-US\">Toda la informaci\u00f3n personal que nos proporcione ser\u00e1 tratada de manera confidencial de acuerdo con nuestra Pol\u00edtica de Privacidad. Sin embargo, debido a circunstancias fuera de nuestro control, no podemos garantizar que todos los aspectos de su uso de este sitio web sean confidenciales debido a la capacidad potencial de terceros para interceptar y acceder a dicha informaci\u00f3n.<\/span><\/span><\/span><\/span><\/p>\n<p class=\"western\" lang=\"en-AU\" align=\"justify\"><span style=\"color: #000000;\"><span style=\"font-family: Arial, serif;\"><span style=\"font-size: medium;\"><span lang=\"en-US\">Nos reservamos el derecho de iniciar procedimientos contra usted por incumplimiento de estos T\u00e9rminos y condiciones, en su pa\u00eds de residencia o en cualquier otro pa\u00eds o jurisdicci\u00f3n apropiado.<\/span><\/span><\/span><\/span><\/p>\n<p class=\"western\" lang=\"en-AU\" align=\"center\"><span style=\"color: #000000;\"><span style=\"font-family: Arial, serif;\"><span style=\"font-size: medium;\"><span lang=\"en-US\">Derechos de autor @ <\/span><\/span><\/span><\/span><span style=\"color: #000000;\"><span style=\"font-family: Arial, serif;\"><span style=\"font-size: medium;\"><span lang=\"en-US\">Majie Lavergne<\/span><\/span><\/span><\/span><\/p>\n<p lang=\"en-AU\" align=\"center\">\u00a0<\/p>\t\t\t\t\t\t\t\t<\/div>\n\t\t\t\t<\/div>\n\t\t\t\t\t<\/div>\n\t\t\t\t<\/div>\n\t\t\t\t<\/div>","protected":false},"excerpt":{"rendered":"<p>Terms &#038; Conditions \u00a0 Please take the time to read these terms and conditions. By using Our Website and the Services and information offered on Our Website, you are agreeing to these terms and conditions. If you purchase products through our Website, there will be&#8230;<\/p>","protected":false},"author":1,"featured_media":0,"parent":0,"menu_order":0,"comment_status":"closed","ping_status":"closed","template":"","meta":{"footnotes":""},"class_list":["post-1036","page","type-page","status-publish","hentry"],"yoast_head":"<!-- This site is optimized with the Yoast SEO plugin v27.3 - https:\/\/yoast.com\/product\/yoast-seo-wordpress\/ -->\n<title>Terms &amp; Conditions - Majie<\/title>\n<meta name=\"robots\" content=\"index, follow, max-snippet:-1, max-image-preview:large, max-video-preview:-1\" \/>\n<link rel=\"canonical\" href=\"https:\/\/majie.ca\/es\/terms-conditions\/\" \/>\n<meta property=\"og:locale\" content=\"es_ES\" \/>\n<meta property=\"og:type\" content=\"article\" \/>\n<meta property=\"og:title\" content=\"Terms &amp; Conditions - Majie\" \/>\n<meta property=\"og:description\" content=\"Terms &#038; Conditions \u00a0 Please take the time to read these terms and conditions. By using Our Website and the Services and information offered on Our Website, you are agreeing to these terms and conditions. If you purchase products through our Website, there will be...\" \/>\n<meta property=\"og:url\" content=\"https:\/\/majie.ca\/es\/terms-conditions\/\" \/>\n<meta property=\"og:site_name\" content=\"Majie\" \/>\n<meta property=\"article:publisher\" content=\"https:\/\/www.facebook.com\/artbymajie\" \/>\n<meta property=\"article:modified_time\" content=\"2024-08-19T23:16:31+00:00\" \/>\n<meta name=\"twitter:card\" content=\"summary_large_image\" \/>\n<meta name=\"twitter:label1\" content=\"Est. reading time\" \/>\n\t<meta name=\"twitter:data1\" content=\"5 minutos\" \/>\n<script type=\"application\/ld+json\" class=\"yoast-schema-graph\">{\"@context\":\"https:\\\/\\\/schema.org\",\"@graph\":[{\"@type\":\"WebPage\",\"@id\":\"https:\\\/\\\/majie.ca\\\/terms-conditions\\\/\",\"url\":\"https:\\\/\\\/majie.ca\\\/terms-conditions\\\/\",\"name\":\"Terms & Conditions - Majie\",\"isPartOf\":{\"@id\":\"https:\\\/\\\/majie.ca\\\/#website\"},\"datePublished\":\"2024-07-27T20:36:05+00:00\",\"dateModified\":\"2024-08-19T23:16:31+00:00\",\"breadcrumb\":{\"@id\":\"https:\\\/\\\/majie.ca\\\/terms-conditions\\\/#breadcrumb\"},\"inLanguage\":\"es-CR\",\"potentialAction\":[{\"@type\":\"ReadAction\",\"target\":[\"https:\\\/\\\/majie.ca\\\/terms-conditions\\\/\"]}]},{\"@type\":\"BreadcrumbList\",\"@id\":\"https:\\\/\\\/majie.ca\\\/terms-conditions\\\/#breadcrumb\",\"itemListElement\":[{\"@type\":\"ListItem\",\"position\":1,\"name\":\"Home\",\"item\":\"https:\\\/\\\/majie.ca\\\/\"},{\"@type\":\"ListItem\",\"position\":2,\"name\":\"Terms &#038; Conditions\"}]},{\"@type\":\"WebSite\",\"@id\":\"https:\\\/\\\/majie.ca\\\/#website\",\"url\":\"https:\\\/\\\/majie.ca\\\/\",\"name\":\"Majie\",\"description\":\"Abstract and Interactive Art\",\"publisher\":{\"@id\":\"https:\\\/\\\/majie.ca\\\/#organization\"},\"potentialAction\":[{\"@type\":\"SearchAction\",\"target\":{\"@type\":\"EntryPoint\",\"urlTemplate\":\"https:\\\/\\\/majie.ca\\\/?s={search_term_string}\"},\"query-input\":{\"@type\":\"PropertyValueSpecification\",\"valueRequired\":true,\"valueName\":\"search_term_string\"}}],\"inLanguage\":\"es-CR\"},{\"@type\":\"Organization\",\"@id\":\"https:\\\/\\\/majie.ca\\\/#organization\",\"name\":\"Majie\",\"url\":\"https:\\\/\\\/majie.ca\\\/\",\"logo\":{\"@type\":\"ImageObject\",\"inLanguage\":\"es-CR\",\"@id\":\"https:\\\/\\\/majie.ca\\\/#\\\/schema\\\/logo\\\/image\\\/\",\"url\":\"https:\\\/\\\/majie.ca\\\/wp-content\\\/uploads\\\/2024\\\/07\\\/cropped-android-chrome-512x512-1.png\",\"contentUrl\":\"https:\\\/\\\/majie.ca\\\/wp-content\\\/uploads\\\/2024\\\/07\\\/cropped-android-chrome-512x512-1.png\",\"width\":512,\"height\":512,\"caption\":\"Majie\"},\"image\":{\"@id\":\"https:\\\/\\\/majie.ca\\\/#\\\/schema\\\/logo\\\/image\\\/\"},\"sameAs\":[\"https:\\\/\\\/www.facebook.com\\\/artbymajie\",\"https:\\\/\\\/www.instagram.com\\\/majielavergne\\\/\"]}]}<\/script>\n<!-- \/ Yoast SEO plugin. -->","yoast_head_json":{"title":"Terms & Conditions - Majie","robots":{"index":"index","follow":"follow","max-snippet":"max-snippet:-1","max-image-preview":"max-image-preview:large","max-video-preview":"max-video-preview:-1"},"canonical":"https:\/\/majie.ca\/es\/terms-conditions\/","og_locale":"es_ES","og_type":"article","og_title":"Terms & Conditions - Majie","og_description":"Terms &#038; Conditions \u00a0 Please take the time to read these terms and conditions. By using Our Website and the Services and information offered on Our Website, you are agreeing to these terms and conditions. If you purchase products through our Website, there will be...","og_url":"https:\/\/majie.ca\/es\/terms-conditions\/","og_site_name":"Majie","article_publisher":"https:\/\/www.facebook.com\/artbymajie","article_modified_time":"2024-08-19T23:16:31+00:00","twitter_card":"summary_large_image","twitter_misc":{"Est. reading time":"5 minutos"},"schema":{"@context":"https:\/\/schema.org","@graph":[{"@type":"WebPage","@id":"https:\/\/majie.ca\/terms-conditions\/","url":"https:\/\/majie.ca\/terms-conditions\/","name":"Terms & Conditions - Majie","isPartOf":{"@id":"https:\/\/majie.ca\/#website"},"datePublished":"2024-07-27T20:36:05+00:00","dateModified":"2024-08-19T23:16:31+00:00","breadcrumb":{"@id":"https:\/\/majie.ca\/terms-conditions\/#breadcrumb"},"inLanguage":"es-CR","potentialAction":[{"@type":"ReadAction","target":["https:\/\/majie.ca\/terms-conditions\/"]}]},{"@type":"BreadcrumbList","@id":"https:\/\/majie.ca\/terms-conditions\/#breadcrumb","itemListElement":[{"@type":"ListItem","position":1,"name":"Home","item":"https:\/\/majie.ca\/"},{"@type":"ListItem","position":2,"name":"Terms &#038; Conditions"}]},{"@type":"WebSite","@id":"https:\/\/majie.ca\/#website","url":"https:\/\/majie.ca\/","name":"Majie","description":"Abstract and Interactive Art","publisher":{"@id":"https:\/\/majie.ca\/#organization"},"potentialAction":[{"@type":"SearchAction","target":{"@type":"EntryPoint","urlTemplate":"https:\/\/majie.ca\/?s={search_term_string}"},"query-input":{"@type":"PropertyValueSpecification","valueRequired":true,"valueName":"search_term_string"}}],"inLanguage":"es-CR"},{"@type":"Organization","@id":"https:\/\/majie.ca\/#organization","name":"Majie","url":"https:\/\/majie.ca\/","logo":{"@type":"ImageObject","inLanguage":"es-CR","@id":"https:\/\/majie.ca\/#\/schema\/logo\/image\/","url":"https:\/\/majie.ca\/wp-content\/uploads\/2024\/07\/cropped-android-chrome-512x512-1.png","contentUrl":"https:\/\/majie.ca\/wp-content\/uploads\/2024\/07\/cropped-android-chrome-512x512-1.png","width":512,"height":512,"caption":"Majie"},"image":{"@id":"https:\/\/majie.ca\/#\/schema\/logo\/image\/"},"sameAs":["https:\/\/www.facebook.com\/artbymajie","https:\/\/www.instagram.com\/majielavergne\/"]}]}},"_links":{"self":[{"href":"https:\/\/majie.ca\/es\/wp-json\/wp\/v2\/pages\/1036","targetHints":{"allow":["GET"]}}],"collection":[{"href":"https:\/\/majie.ca\/es\/wp-json\/wp\/v2\/pages"}],"about":[{"href":"https:\/\/majie.ca\/es\/wp-json\/wp\/v2\/types\/page"}],"author":[{"embeddable":true,"href":"https:\/\/majie.ca\/es\/wp-json\/wp\/v2\/users\/1"}],"replies":[{"embeddable":true,"href":"https:\/\/majie.ca\/es\/wp-json\/wp\/v2\/comments?post=1036"}],"version-history":[{"count":3,"href":"https:\/\/majie.ca\/es\/wp-json\/wp\/v2\/pages\/1036\/revisions"}],"predecessor-version":[{"id":1500,"href":"https:\/\/majie.ca\/es\/wp-json\/wp\/v2\/pages\/1036\/revisions\/1500"}],"wp:attachment":[{"href":"https:\/\/majie.ca\/es\/wp-json\/wp\/v2\/media?parent=1036"}],"curies":[{"name":"wp","href":"https:\/\/api.w.org\/{rel}","templated":true}]}}